{"id":5919,"date":"2024-02-28T13:38:26","date_gmt":"2024-02-28T16:38:26","guid":{"rendered":"https:\/\/cassiaalborni.com\/gcp\/?post_type=product&#038;p=5919"},"modified":"2024-02-28T13:38:26","modified_gmt":"2024-02-28T16:38:26","slug":"acompanhamento-individual","status":"publish","type":"product","link":"https:\/\/cassiaalborni.com\/gcp\/produto\/acompanhamento-individual\/","title":{"rendered":"Acompanhamento Individual"},"content":{"rendered":"<p>Seja acompanhada diretamente por Cassia Alborni durante 3 meses com encontros quinzenais atrav\u00e9s de v\u00eddeo chamada.<\/p>\n<p>Nos encontros haver\u00e3o:<\/p>\n<ul>\n<li>An\u00e1lise dos seus cosm\u00e9ticos<\/li>\n<li>An\u00e1lise da sua estrutura capilar<\/li>\n<li>An\u00e1lise do seu perfil emocional e objetivo de imagem<\/li>\n<li>Consultoria de imagem atrav\u00e9s do Visagismo<\/li>\n<li>Desenvolvimento de uma estrat\u00e9gia de recupera\u00e7\u00e3o capilar<\/li>\n<\/ul>\n<p>Se voc\u00ea quer desfrutar dos 39 anos de experi\u00eancia em um acompanhamento completo e totalmente personalizado, esta \u00e9 a sua oportunidade.<\/p>\n","protected":false},"excerpt":{"rendered":"<p>Seja acompanhada diretamente por Cassia Alborni durante 3 meses com encontros quinzenais atrav\u00e9s de v\u00eddeo chamada.<\/p>\n","protected":false},"featured_media":5920,"comment_status":"open","ping_status":"closed","template":"","meta":{"_acf_changed":false,"_monsterinsights_skip_tracking":false,"_monsterinsights_sitenote_active":false,"_monsterinsights_sitenote_note":"","_monsterinsights_sitenote_category":0},"product_cat":[65,64,35],"product_tag":[],"acf":[],"aioseo_notices":[],"_links":{"self":[{"href":"https:\/\/cassiaalborni.com\/gcp\/wp-json\/wp\/v2\/product\/5919"}],"collection":[{"href":"https:\/\/cassiaalborni.com\/gcp\/wp-json\/wp\/v2\/product"}],"about":[{"href":"https:\/\/cassiaalborni.com\/gcp\/wp-json\/wp\/v2\/types\/product"}],"replies":[{"embeddable":true,"href":"https:\/\/cassiaalborni.com\/gcp\/wp-json\/wp\/v2\/comments?post=5919"}],"version-history":[{"count":1,"href":"https:\/\/cassiaalborni.com\/gcp\/wp-json\/wp\/v2\/product\/5919\/revisions"}],"predecessor-version":[{"id":5921,"href":"https:\/\/cassiaalborni.com\/gcp\/wp-json\/wp\/v2\/product\/5919\/revisions\/5921"}],"wp:featuredmedia":[{"embeddable":true,"href":"https:\/\/cassiaalborni.com\/gcp\/wp-json\/wp\/v2\/media\/5920"}],"wp:attachment":[{"href":"https:\/\/cassiaalborni.com\/gcp\/wp-json\/wp\/v2\/media?parent=5919"}],"wp:term":[{"taxonomy":"product_cat","embeddable":true,"href":"https:\/\/cassiaalborni.com\/gcp\/wp-json\/wp\/v2\/product_cat?post=5919"},{"taxonomy":"product_tag","embeddable":true,"href":"https:\/\/cassiaalborni.com\/gcp\/wp-json\/wp\/v2\/product_tag?post=5919"}],"curies":[{"name":"wp","href":"https:\/\/api.w.org\/{rel}","templated":true}]}}