{"id":5857,"date":"2024-02-26T18:18:40","date_gmt":"2024-02-26T21:18:40","guid":{"rendered":"https:\/\/cassiaalborni.com\/gcp\/?post_type=product&#038;p=5857"},"modified":"2024-02-26T18:26:20","modified_gmt":"2024-02-26T21:26:20","slug":"agua-floral-de-alecrim","status":"publish","type":"product","link":"https:\/\/cassiaalborni.com\/gcp\/produto\/agua-floral-de-alecrim\/","title":{"rendered":"\u00c1gua Floral de Alecrim"},"content":{"rendered":"<p>Extra\u00eddo diretamente das folhas frescas do <em>Rosmarinus officinalis<\/em>, nossa <strong>\u00c1gua Floral de Alecrim<\/strong> \u00e9 um elixir natural para revitalizar tanto sua pele e o seu cabelo. Mergulhe na natureza e descubra os segredos milenares do alecrim transformados em uma ess\u00eancia pura e refrescante.<\/p>\n<h4>Composi\u00e7\u00e3o Qu\u00edmica<\/h4>\n<p>Ela\u00a0 \u00e9 composta por elementos naturais ricos em antioxidantes, como cineol, pineno e c\u00e2nfora. Estes componentes s\u00e3o conhecidos por suas propriedades anti-inflamat\u00f3rias e estimulantes, proporcionando um tratamento ben\u00e9fico para peles e cabelos oleosos, al\u00e9m de promover uma melhoria na circula\u00e7\u00e3o sangu\u00ednea.<\/p>\n<h4>Para o Cabelo<\/h4>\n<ol>\n<li><strong>Regula\u00e7\u00e3o da Oleosidade:<\/strong> Ajuda a controlar o excesso de oleosidade no couro cabeludo.<\/li>\n<li><strong>Est\u00edmulo ao Crescimento:<\/strong> Favorece a circula\u00e7\u00e3o sangu\u00ednea, estimulando o crescimento saud\u00e1vel dos fios.<\/li>\n<li><strong>Combate \u00e0 Caspa:<\/strong> Suas propriedades anti-s\u00e9pticas ajudam a prevenir e tratar casos de caspa.<\/li>\n<li><strong>Revitaliza\u00e7\u00e3o dos Fios:<\/strong> Deixa os cabelos mais fortes, saud\u00e1veis e com brilho.<\/li>\n<li><strong>Limpeza Profunda:<\/strong> Remove impurezas e res\u00edduos de produtos qu\u00edmicos sem agredir o couro cabeludo.<\/li>\n<\/ol>\n<h4>Para o Rosto<\/h4>\n<p>A \u00c1gua Floral de Alecrim atua como um t\u00f4nico facial natural, ideal para peles oleosas e com tend\u00eancia a acne. Ajuda a reduzir a inflama\u00e7\u00e3o, tonifica a pele e minimiza poros abertos, deixando um aspecto mais saud\u00e1vel e revitalizado.<\/p>\n<h4>Para a Pele em Geral<\/h4>\n<p>Al\u00e9m dos benef\u00edcios faciais, ela oferece propriedades relaxantes e desintoxicantes para o corpo todo. Aplicado em massagens, alivia dores musculares e ajuda a melhorar a circula\u00e7\u00e3o, promovendo uma sensa\u00e7\u00e3o de bem-estar geral.<\/p>\n<h4>Processo de Extra\u00e7\u00e3o<\/h4>\n<p>Nossa \u00c1gua Floral de Alecrim \u00e9 obtida atrav\u00e9s da destila\u00e7\u00e3o a vapor das folhas frescas de alecrim, garantindo que todas as propriedades ben\u00e9ficas da planta sejam preservadas. Este processo assegura a mais alta pureza e efic\u00e1cia do produto.<\/p>\n<p>&nbsp;<\/p>\n<p><strong>Peso L\u00edquido: 140ml<\/strong><\/p>\n","protected":false},"excerpt":{"rendered":"<h4>Para o Cabelo<\/h4>\n<ol>\n<li><strong>Regula\u00e7\u00e3o da Oleosidade:<\/strong> Ajuda a controlar o excesso de oleosidade no couro cabeludo.<\/li>\n<li><strong>Est\u00edmulo ao Crescimento:<\/strong> Favorece a circula\u00e7\u00e3o sangu\u00ednea, estimulando o crescimento saud\u00e1vel dos fios.<\/li>\n<li><strong>Combate \u00e0 Caspa:<\/strong> Suas propriedades anti-s\u00e9pticas ajudam a prevenir e tratar casos de caspa.<\/li>\n<li><strong>Revitaliza\u00e7\u00e3o dos Fios:<\/strong> Deixa os cabelos mais fortes, saud\u00e1veis e com brilho.<\/li>\n<li><strong>Limpeza Profunda:<\/strong> Remove impurezas e res\u00edduos de produtos qu\u00edmicos sem agredir o couro cabeludo.<\/li>\n<\/ol>\n","protected":false},"featured_media":5861,"comment_status":"open","ping_status":"closed","template":"","meta":{"_acf_changed":false,"_monsterinsights_skip_tracking":false,"_monsterinsights_sitenote_active":false,"_monsterinsights_sitenote_note":"","_monsterinsights_sitenote_category":0},"product_cat":[85,41],"product_tag":[],"acf":[],"aioseo_notices":[],"_links":{"self":[{"href":"https:\/\/cassiaalborni.com\/gcp\/wp-json\/wp\/v2\/product\/5857"}],"collection":[{"href":"https:\/\/cassiaalborni.com\/gcp\/wp-json\/wp\/v2\/product"}],"about":[{"href":"https:\/\/cassiaalborni.com\/gcp\/wp-json\/wp\/v2\/types\/product"}],"replies":[{"embeddable":true,"href":"https:\/\/cassiaalborni.com\/gcp\/wp-json\/wp\/v2\/comments?post=5857"}],"version-history":[{"count":2,"href":"https:\/\/cassiaalborni.com\/gcp\/wp-json\/wp\/v2\/product\/5857\/revisions"}],"predecessor-version":[{"id":5866,"href":"https:\/\/cassiaalborni.com\/gcp\/wp-json\/wp\/v2\/product\/5857\/revisions\/5866"}],"wp:featuredmedia":[{"embeddable":true,"href":"https:\/\/cassiaalborni.com\/gcp\/wp-json\/wp\/v2\/media\/5861"}],"wp:attachment":[{"href":"https:\/\/cassiaalborni.com\/gcp\/wp-json\/wp\/v2\/media?parent=5857"}],"wp:term":[{"taxonomy":"product_cat","embeddable":true,"href":"https:\/\/cassiaalborni.com\/gcp\/wp-json\/wp\/v2\/product_cat?post=5857"},{"taxonomy":"product_tag","embeddable":true,"href":"https:\/\/cassiaalborni.com\/gcp\/wp-json\/wp\/v2\/product_tag?post=5857"}],"curies":[{"name":"wp","href":"https:\/\/api.w.org\/{rel}","templated":true}]}}