{"id":5844,"date":"2024-02-26T17:37:17","date_gmt":"2024-02-26T20:37:17","guid":{"rendered":"https:\/\/cassiaalborni.com\/gcp\/?post_type=product&#038;p=5844"},"modified":"2024-02-26T17:37:58","modified_gmt":"2024-02-26T20:37:58","slug":"argila-rosa-cleansing","status":"publish","type":"product","link":"https:\/\/cassiaalborni.com\/gcp\/produto\/argila-rosa-cleansing\/","title":{"rendered":"Argila Rosa &#8211; Cleansing"},"content":{"rendered":"<p>Conhe\u00e7a a nossa ARGILA ROSA ~CLEASING! Criada pela natureza e aprimorada pela ci\u00eancia, nossa argila \u00e9 um milagre da natureza transformado em cuidado para o seu cabelo e pele.<\/p>\n<h4>Composi\u00e7\u00e3o Qu\u00edmica<\/h4>\n<p>A nossa Argila Rosa \u00e9 uma combina\u00e7\u00e3o harmoniosa de Argila Branca e Vermelha, enriquecida com minerais como sil\u00edcio, alum\u00ednio, ferro, magn\u00e9sio, c\u00e1lcio e pot\u00e1ssio. Estes elementos s\u00e3o essenciais para nutrir profundamente a pele e o cabelo, estimulando a renova\u00e7\u00e3o celular e melhorando a sa\u00fade geral do couro cabeludo e dos fios.<\/p>\n<h4>Para o Cabelo<\/h4>\n<ol>\n<li><strong>Hidrata\u00e7\u00e3o e Nutri\u00e7\u00e3o:<\/strong> Enriquecida com sil\u00edcio, nossa argila ajuda a hidratar e nutrir os fios, promovendo um cabelo mais macio e saud\u00e1vel.<\/li>\n<li><strong>Limpeza Profunda:<\/strong> Absorve impurezas e excesso de oleosidade, gra\u00e7as ao alum\u00ednio e ao magn\u00e9sio, mantendo o couro cabeludo limpo e saud\u00e1vel.<\/li>\n<li><strong>Est\u00edmulo ao Crescimento:<\/strong> O ferro presente ajuda a estimular a circula\u00e7\u00e3o sangu\u00ednea no couro cabeludo, promovendo o crescimento de cabelos mais fortes e saud\u00e1veis.<\/li>\n<li><strong>Redu\u00e7\u00e3o de Caspa e Seborreia:<\/strong> As propriedades adstringentes e purificantes ajudam a combater a caspa e a seborreia.<\/li>\n<li><strong>Brilho e Maciez:<\/strong> Os minerais trabalham juntos para devolver o brilho natural e a maciez aos fios, deixando-os visivelmente mais saud\u00e1veis.<\/li>\n<\/ol>\n<h4>Para o Rosto<\/h4>\n<p>A argila rosa atua suavemente na pele do rosto, removendo c\u00e9lulas mortas, diminuindo oleosidade e promovendo uma pele mais uniforme e luminosa. Ideal para peles sens\u00edveis, sua a\u00e7\u00e3o anti-inflamat\u00f3ria e calmante trata sem agredir.<\/p>\n<h4>Para a Pele em Geral<\/h4>\n<p>Nossa argila proporciona uma desintoxica\u00e7\u00e3o profunda, removendo toxinas e impurezas. Ela estimula a circula\u00e7\u00e3o, promove a elasticidade e combate o envelhecimento precoce, deixando a pele firme e rejuvenescida.<\/p>\n<h4>Processo de Extra\u00e7\u00e3o Exclusivo<\/h4>\n<p>Empregamos um m\u00e9todo de extra\u00e7\u00e3o sustent\u00e1vel e respeitoso ao meio ambiente, garantindo que cada grama de nossa argila mantenha suas propriedades naturais e terap\u00eauticas intactas. Este processo exclusivo assegura a pureza e a alta qualidade do produto que chega at\u00e9 voc\u00ea.<\/p>\n<h4>Bibliografia<\/h4>\n<ul>\n<li>GUISONI, Taise D. G.; RIBEIRO, Ivete M. &#8220;Benef\u00edcios da argila em procedimentos est\u00e9ticos.&#8221; Est\u00e9tica e Bem-Estar-Tubar\u00e3o. 2018.<\/li>\n<li>CHURA, Sofia S. D. et al. &#8220;Formulation Development and Characterization of Face Masks Containing Natural Pink Clay.&#8221; Ensaios e Ci\u00eancia C Biol\u00f3gicas Agr\u00e1rias e da Sa\u00fade. Vol.26, n.1. 2022.<\/li>\n<\/ul>\n<p>Descubra a transforma\u00e7\u00e3o que a nossa Argila Rosa pode trazer para a sua vida. Sinta a natureza cuidando de voc\u00ea.<br \/>\n<strong>Peso L\u00edquido: 100g<\/strong><\/p>\n","protected":false},"excerpt":{"rendered":"<p><strong>Para o Cabelo<\/strong><\/p>\n<ol>\n<li><strong>Hidrata\u00e7\u00e3o e Nutri\u00e7\u00e3o:<\/strong> Enriquecida com sil\u00edcio, nossa Argila~Rosa ajuda a hidratar e nutrir os fios, promovendo um cabelo mais macio e saud\u00e1vel.<\/li>\n<li><strong>Limpeza Profunda:<\/strong> Absorve impurezas e excesso de oleosidade, gra\u00e7as ao alum\u00ednio e ao magn\u00e9sio, mantendo o couro cabeludo limpo e saud\u00e1vel.<\/li>\n<li><strong>Est\u00edmulo ao Crescimento:<\/strong> O ferro presente ajuda a estimular a circula\u00e7\u00e3o sangu\u00ednea no couro cabeludo, promovendo o crescimento de cabelos mais fortes e saud\u00e1veis.<\/li>\n<li><strong>Redu\u00e7\u00e3o de Caspa e Seborreia:<\/strong> As propriedades adstringentes e purificantes ajudam a combater a caspa e a seborreia.<\/li>\n<li><strong>Brilho e Maciez:<\/strong> Os minerais trabalham juntos para devolver o brilho natural e a maciez aos fios, deixando-os visivelmente mais saud\u00e1veis.<\/li>\n<\/ol>\n","protected":false},"featured_media":5845,"comment_status":"open","ping_status":"closed","template":"","meta":{"_acf_changed":false,"_monsterinsights_skip_tracking":false,"_monsterinsights_sitenote_active":false,"_monsterinsights_sitenote_note":"","_monsterinsights_sitenote_category":0},"product_cat":[84,41],"product_tag":[],"acf":[],"aioseo_notices":[],"_links":{"self":[{"href":"https:\/\/cassiaalborni.com\/gcp\/wp-json\/wp\/v2\/product\/5844"}],"collection":[{"href":"https:\/\/cassiaalborni.com\/gcp\/wp-json\/wp\/v2\/product"}],"about":[{"href":"https:\/\/cassiaalborni.com\/gcp\/wp-json\/wp\/v2\/types\/product"}],"replies":[{"embeddable":true,"href":"https:\/\/cassiaalborni.com\/gcp\/wp-json\/wp\/v2\/comments?post=5844"}],"version-history":[{"count":2,"href":"https:\/\/cassiaalborni.com\/gcp\/wp-json\/wp\/v2\/product\/5844\/revisions"}],"predecessor-version":[{"id":5853,"href":"https:\/\/cassiaalborni.com\/gcp\/wp-json\/wp\/v2\/product\/5844\/revisions\/5853"}],"wp:featuredmedia":[{"embeddable":true,"href":"https:\/\/cassiaalborni.com\/gcp\/wp-json\/wp\/v2\/media\/5845"}],"wp:attachment":[{"href":"https:\/\/cassiaalborni.com\/gcp\/wp-json\/wp\/v2\/media?parent=5844"}],"wp:term":[{"taxonomy":"product_cat","embeddable":true,"href":"https:\/\/cassiaalborni.com\/gcp\/wp-json\/wp\/v2\/product_cat?post=5844"},{"taxonomy":"product_tag","embeddable":true,"href":"https:\/\/cassiaalborni.com\/gcp\/wp-json\/wp\/v2\/product_tag?post=5844"}],"curies":[{"name":"wp","href":"https:\/\/api.w.org\/{rel}","templated":true}]}}