{"id":5836,"date":"2024-02-26T17:27:41","date_gmt":"2024-02-26T20:27:41","guid":{"rendered":"https:\/\/cassiaalborni.com\/gcp\/?post_type=product&#038;p=5836"},"modified":"2024-02-26T17:27:42","modified_gmt":"2024-02-26T20:27:42","slug":"argila-branca-purifying","status":"publish","type":"product","link":"https:\/\/cassiaalborni.com\/gcp\/produto\/argila-branca-purifying\/","title":{"rendered":"Argila Branca &#8211; Purifying"},"content":{"rendered":"<p>Conh\u00e7a a nossa <strong>ARGILA BRANCA~PURIFYING<\/strong>, um segredo ancestral para uma pele radiante e cabelos resplendentes.<br \/>\nCom benef\u00edcios comprovados e uma suavidade \u00edmpar, a nossa argila branca oferece um cuidado gentil, mas eficaz, transformando sua rotina de beleza em um ritual de purifica\u00e7\u00e3o e renova\u00e7\u00e3o.<\/p>\n<h4>Composi\u00e7\u00e3o Qu\u00edmica<\/h4>\n<p>Nossa argila branca, tamb\u00e9m conhecida como caulim, \u00e9 uma fonte rica de minerais, incluindo s\u00edlica, alum\u00ednio e diversos oligoelementos, essenciais para manter a vitalidade da pele e do cabelo.<\/p>\n<h4>Para o Cabelo<\/h4>\n<ol>\n<li><strong>Revitaliza\u00e7\u00e3o dos Fios<\/strong>: Ideal para cabelos danificados por tratamentos qu\u00edmicos, devolvendo brilho e hidrata\u00e7\u00e3o.<\/li>\n<li><strong>Controle de Oleosidade<\/strong>: Absorve o excesso de oleosidade sem ressecar os fios, mantendo-os limpos e volumosos.<\/li>\n<li><strong>Est\u00edmulo ao Crescimento<\/strong>: Aumenta a circula\u00e7\u00e3o sangu\u00ednea no couro cabeludo, favorecendo o crescimento saud\u00e1vel.<\/li>\n<li><strong>Combate \u00e0 Caspa<\/strong>: Suas propriedades esfoliantes ajudam a remover c\u00e9lulas mortas e impurezas, aliviando o couro cabeludo de caspas.<\/li>\n<li><strong>Fortalecimento Capilar<\/strong>: Contribui para fortalecer as ra\u00edzes, prevenindo a queda de cabelo.<\/li>\n<\/ol>\n<h4>Para o Rosto<\/h4>\n<p>A argila branca oferece um tratamento suavizante e revitalizador, sendo ideal para peles normais a oleosas. Possui a\u00e7\u00e3o clareadora de manchas, cicatrizante para acnes, e \u00e9 um esfoliante natural que promove uma limpeza profunda dos poros sem agredir a pele.<\/p>\n<h4>Para a Pele em Geral<\/h4>\n<p>Al\u00e9m de seus benef\u00edcios para o rosto, nossa argila branca \u00e9 eficaz no tratamento de \u00e1reas com estrias, no clareamento de axilas e virilhas e na redu\u00e7\u00e3o de oleosidade corporal, proporcionando uma pele mais uniforme e radiante.<\/p>\n<h4>Processo de Extra\u00e7\u00e3o Exclusivo<\/h4>\n<p>Garantimos a extra\u00e7\u00e3o sustent\u00e1vel de nossa argila branca, preservando todas as suas propriedades naturais e assegurando um produto de alta qualidade e pureza.<\/p>\n<h4>Bibliografia<\/h4>\n<ul>\n<li>LOPES, Lara F. M.; MEDEIROS, Graciela M. S. &#8220;Argilas medicinais: Potencial simb\u00f3lico e propriedades terap\u00eauticas das argilas em suas diversas cores&#8221;. Universidade do Sul de Santa Catarina &#8211; UNISUL. 2014.<\/li>\n<\/ul>\n<p><strong>Peso L\u00edquido: 100g<\/strong><\/p>\n","protected":false},"excerpt":{"rendered":"<h4>Para o Cabelo<\/h4>\n<ol>\n<li><strong>Revitaliza\u00e7\u00e3o dos Fios<\/strong>: Ideal para cabelos danificados por tratamentos qu\u00edmicos, devolvendo brilho e hidrata\u00e7\u00e3o.<\/li>\n<li><strong>Controle de Oleosidade<\/strong>: Absorve o excesso de oleosidade sem ressecar os fios, mantendo-os limpos e volumosos.<\/li>\n<li><strong>Est\u00edmulo ao Crescimento<\/strong>: Aumenta a circula\u00e7\u00e3o sangu\u00ednea no couro cabeludo, favorecendo o crescimento saud\u00e1vel.<\/li>\n<li><strong>Combate \u00e0 Caspa<\/strong>: Suas propriedades esfoliantes ajudam a remover c\u00e9lulas mortas e impurezas, aliviando o couro cabeludo de caspas.<\/li>\n<li><strong>Fortalecimento Capilar<\/strong>: Contribui para fortalecer as ra\u00edzes, prevenindo a queda de cabelo.<\/li>\n<\/ol>\n","protected":false},"featured_media":5840,"comment_status":"open","ping_status":"closed","template":"","meta":{"_acf_changed":false,"_monsterinsights_skip_tracking":false,"_monsterinsights_sitenote_active":false,"_monsterinsights_sitenote_note":"","_monsterinsights_sitenote_category":0},"product_cat":[84,41],"product_tag":[],"acf":[],"aioseo_notices":[],"_links":{"self":[{"href":"https:\/\/cassiaalborni.com\/gcp\/wp-json\/wp\/v2\/product\/5836"}],"collection":[{"href":"https:\/\/cassiaalborni.com\/gcp\/wp-json\/wp\/v2\/product"}],"about":[{"href":"https:\/\/cassiaalborni.com\/gcp\/wp-json\/wp\/v2\/types\/product"}],"replies":[{"embeddable":true,"href":"https:\/\/cassiaalborni.com\/gcp\/wp-json\/wp\/v2\/comments?post=5836"}],"version-history":[{"count":2,"href":"https:\/\/cassiaalborni.com\/gcp\/wp-json\/wp\/v2\/product\/5836\/revisions"}],"predecessor-version":[{"id":5856,"href":"https:\/\/cassiaalborni.com\/gcp\/wp-json\/wp\/v2\/product\/5836\/revisions\/5856"}],"wp:featuredmedia":[{"embeddable":true,"href":"https:\/\/cassiaalborni.com\/gcp\/wp-json\/wp\/v2\/media\/5840"}],"wp:attachment":[{"href":"https:\/\/cassiaalborni.com\/gcp\/wp-json\/wp\/v2\/media?parent=5836"}],"wp:term":[{"taxonomy":"product_cat","embeddable":true,"href":"https:\/\/cassiaalborni.com\/gcp\/wp-json\/wp\/v2\/product_cat?post=5836"},{"taxonomy":"product_tag","embeddable":true,"href":"https:\/\/cassiaalborni.com\/gcp\/wp-json\/wp\/v2\/product_tag?post=5836"}],"curies":[{"name":"wp","href":"https:\/\/api.w.org\/{rel}","templated":true}]}}