{"id":5821,"date":"2024-02-26T12:48:28","date_gmt":"2024-02-26T15:48:28","guid":{"rendered":"https:\/\/cassiaalborni.com\/gcp\/?post_type=product&#038;p=5821"},"modified":"2024-02-26T12:48:28","modified_gmt":"2024-02-26T15:48:28","slug":"oleo-essencial-hortela-pimenta-premium","status":"publish","type":"product","link":"https:\/\/cassiaalborni.com\/gcp\/produto\/oleo-essencial-hortela-pimenta-premium\/","title":{"rendered":"\u00d3leo Essencial Hortel\u00e3-Pimenta &#8211; Premium"},"content":{"rendered":"<p>Extra\u00eddo das folhas da planta <em>Mentha piperita<\/em>, ele \u00e9 conhecido por seu aroma intenso e propriedades refrescantes.<br \/>\nCultivado amplamente, tem um papel hist\u00f3rico em pr\u00e1ticas medicinais e terap\u00eauticas.<\/p>\n<h4>Componentes Moleculares<\/h4>\n<ul>\n<li><strong>Mentol:<\/strong> Proporciona o efeito refrescante, aliviando dores e desconfortos.<\/li>\n<li><strong>Menthone:<\/strong> Contribui para as propriedades antiss\u00e9pticas e analg\u00e9sicas do \u00f3leo.<\/li>\n<\/ul>\n<h4>Aromacologia<\/h4>\n<ul>\n<li>Seu aroma penetrante \u00e9 excelente para melhorar a concentra\u00e7\u00e3o, reduzir a fadiga mental e promover a clareza de pensamento.<\/li>\n<\/ul>\n<h4>Cosm\u00e9tica<\/h4>\n<ul>\n<li>Amplamente utilizado em produtos de cuidados com a pele por suas propriedades refrescantes e estimulantes, ajudando a revitalizar a pele cansada.<\/li>\n<\/ul>\n<h4>Propriedades para o Cabelo<\/h4>\n<ul>\n<li><strong>Est\u00edmulo ao Crescimento:<\/strong> Promove a circula\u00e7\u00e3o sangu\u00ednea no couro cabeludo, favorecendo o crescimento saud\u00e1vel do cabelo.<\/li>\n<li><strong>Efeito Refrescante:<\/strong> Alivia coceiras e irrita\u00e7\u00f5es no couro cabeludo.<\/li>\n<li><strong>Regula\u00e7\u00e3o da Oleosidade:<\/strong> Ajuda a balancear a produ\u00e7\u00e3o de sebo, sendo eficaz para cabelos oleosos ou com caspa.<\/li>\n<\/ul>\n<h4>Advert\u00eancias<\/h4>\n<ul>\n<li>Pode ser irritante se usado em excesso ou sem dilui\u00e7\u00e3o adequada, especialmente em peles sens\u00edveis.<\/li>\n<\/ul>\n<h4>Compromisso com a Qualidade<\/h4>\n<ul>\n<li>Nosso \u00f3leo de Hortel\u00e3-Pimenta \u00e9 selecionado por sua pureza e pot\u00eancia, garantindo um produto de alta qualidade para nossos clientes.<\/li>\n<\/ul>\n<p><span style=\"color: #808000;\"><strong>VOLUME: 10ml<\/strong><\/span><br \/>\n<span style=\"color: #808000;\"><strong>PRODUTO IMPORTADO<\/strong><\/span><br \/>\n<span style=\"color: #808000;\"><strong>ORIGEM: EUA<\/strong><\/span><\/p>\n","protected":false},"excerpt":{"rendered":"<ul>\n<li><strong>Est\u00edmulo ao Crescimento:<\/strong> Promove a circula\u00e7\u00e3o sangu\u00ednea no couro cabeludo, favorecendo o crescimento saud\u00e1vel do cabelo.<\/li>\n<li><strong>Efeito Refrescante:<\/strong> Alivia coceiras e irrita\u00e7\u00f5es no couro cabeludo.<\/li>\n<li><strong>Regula\u00e7\u00e3o da Oleosidade:<\/strong> Ajuda a balancear a produ\u00e7\u00e3o de sebo, sendo eficaz para cabelos oleosos ou com caspa.<\/li>\n<\/ul>\n","protected":false},"featured_media":5822,"comment_status":"open","ping_status":"closed","template":"","meta":{"_acf_changed":false,"_monsterinsights_skip_tracking":false,"_monsterinsights_sitenote_active":false,"_monsterinsights_sitenote_note":"","_monsterinsights_sitenote_category":0},"product_cat":[80,41],"product_tag":[],"acf":[],"aioseo_notices":[],"_links":{"self":[{"href":"https:\/\/cassiaalborni.com\/gcp\/wp-json\/wp\/v2\/product\/5821"}],"collection":[{"href":"https:\/\/cassiaalborni.com\/gcp\/wp-json\/wp\/v2\/product"}],"about":[{"href":"https:\/\/cassiaalborni.com\/gcp\/wp-json\/wp\/v2\/types\/product"}],"replies":[{"embeddable":true,"href":"https:\/\/cassiaalborni.com\/gcp\/wp-json\/wp\/v2\/comments?post=5821"}],"version-history":[{"count":1,"href":"https:\/\/cassiaalborni.com\/gcp\/wp-json\/wp\/v2\/product\/5821\/revisions"}],"predecessor-version":[{"id":5823,"href":"https:\/\/cassiaalborni.com\/gcp\/wp-json\/wp\/v2\/product\/5821\/revisions\/5823"}],"wp:featuredmedia":[{"embeddable":true,"href":"https:\/\/cassiaalborni.com\/gcp\/wp-json\/wp\/v2\/media\/5822"}],"wp:attachment":[{"href":"https:\/\/cassiaalborni.com\/gcp\/wp-json\/wp\/v2\/media?parent=5821"}],"wp:term":[{"taxonomy":"product_cat","embeddable":true,"href":"https:\/\/cassiaalborni.com\/gcp\/wp-json\/wp\/v2\/product_cat?post=5821"},{"taxonomy":"product_tag","embeddable":true,"href":"https:\/\/cassiaalborni.com\/gcp\/wp-json\/wp\/v2\/product_tag?post=5821"}],"curies":[{"name":"wp","href":"https:\/\/api.w.org\/{rel}","templated":true}]}}