{"id":5269,"date":"2024-02-22T18:27:35","date_gmt":"2024-02-22T21:27:35","guid":{"rendered":"https:\/\/cassiaalborni.com\/gcp\/?post_type=product&#038;p=5269"},"modified":"2025-10-13T10:58:18","modified_gmt":"2025-10-13T13:58:18","slug":"kit-pronto-rosa-mosquetauvaylangylang","status":"publish","type":"product","link":"https:\/\/cassiaalborni.com\/gcp\/produto\/kit-pronto-rosa-mosquetauvaylangylang\/","title":{"rendered":"Kit Pronto &#8211; Rosa Mosqueta+Uva+YlangYlang &#8211; MINI AULA GR\u00c1TIS"},"content":{"rendered":"<p>Kit completo com os os \u00f3leos vegetais de Rosa Mosqueta, Semente de Uva e Ylang Ylang Premium.<\/p>\n<p>Na compra do kit voc\u00ea ganha a aula de como usar esta receita para fazer a aplica\u00e7\u00e3o no couro cabeludo.<\/p>\n","protected":false},"excerpt":{"rendered":"<p>Kit completo com os os \u00f3leos vegetais de Rosa Mosqueta, Semente de Uva e Ylang Ylang Premium.<\/p>\n<p>Na compra do kit voc\u00ea ganha a aula de como usar esta receita para fazer a aplica\u00e7\u00e3o no couro cabeludo.<\/p>\n","protected":false},"featured_media":5270,"comment_status":"open","ping_status":"closed","template":"","meta":{"_acf_changed":false,"_monsterinsights_skip_tracking":false,"_monsterinsights_sitenote_active":false,"_monsterinsights_sitenote_note":"","_monsterinsights_sitenote_category":0},"product_cat":[80,48,41],"product_tag":[],"acf":[],"aioseo_notices":[],"_links":{"self":[{"href":"https:\/\/cassiaalborni.com\/gcp\/wp-json\/wp\/v2\/product\/5269"}],"collection":[{"href":"https:\/\/cassiaalborni.com\/gcp\/wp-json\/wp\/v2\/product"}],"about":[{"href":"https:\/\/cassiaalborni.com\/gcp\/wp-json\/wp\/v2\/types\/product"}],"replies":[{"embeddable":true,"href":"https:\/\/cassiaalborni.com\/gcp\/wp-json\/wp\/v2\/comments?post=5269"}],"version-history":[{"count":3,"href":"https:\/\/cassiaalborni.com\/gcp\/wp-json\/wp\/v2\/product\/5269\/revisions"}],"predecessor-version":[{"id":5413,"href":"https:\/\/cassiaalborni.com\/gcp\/wp-json\/wp\/v2\/product\/5269\/revisions\/5413"}],"wp:featuredmedia":[{"embeddable":true,"href":"https:\/\/cassiaalborni.com\/gcp\/wp-json\/wp\/v2\/media\/5270"}],"wp:attachment":[{"href":"https:\/\/cassiaalborni.com\/gcp\/wp-json\/wp\/v2\/media?parent=5269"}],"wp:term":[{"taxonomy":"product_cat","embeddable":true,"href":"https:\/\/cassiaalborni.com\/gcp\/wp-json\/wp\/v2\/product_cat?post=5269"},{"taxonomy":"product_tag","embeddable":true,"href":"https:\/\/cassiaalborni.com\/gcp\/wp-json\/wp\/v2\/product_tag?post=5269"}],"curies":[{"name":"wp","href":"https:\/\/api.w.org\/{rel}","templated":true}]}}