{"id":5117,"date":"2024-02-18T17:10:19","date_gmt":"2024-02-18T20:10:19","guid":{"rendered":"https:\/\/cassiaalborni.com\/gcp\/?post_type=product&#038;p=5117"},"modified":"2024-02-18T17:17:39","modified_gmt":"2024-02-18T20:17:39","slug":"analise-de-produto-pacote-3","status":"publish","type":"product","link":"https:\/\/cassiaalborni.com\/gcp\/produto\/analise-de-produto-pacote-3\/","title":{"rendered":"An\u00e1lise de Produto (Pacote 3)"},"content":{"rendered":"<p>Exclusivo para quem j\u00e1 fez o SDC<\/p>\n<p>Nesta se\u00e7\u00e3o eu vou analisar o seu cosm\u00e9tico e te entregar um relat\u00f3rio descrevendo todos os ingredientes e os poss\u00edveis riscos \u00e0 sa\u00fade.<br \/>\nComo j\u00e1 sei o seu tipo de cabelo, vou te explicar se ele serve para voc\u00ea ou n\u00e3o e caso n\u00e3o sirva envio junto 2 indica\u00e7\u00f5es espec\u00edficas para o seu cabelo.<\/p>\n","protected":false},"excerpt":{"rendered":"<p><strong>Exclusivo para quem j\u00e1 fez o SDC<\/strong><\/p>\n<p>Nesta se\u00e7\u00e3o eu vou analisar o seu cosm\u00e9tico e te entregar um relat\u00f3rio descrevendo todos os ingredientes e os poss\u00edveis riscos \u00e0 sa\u00fade.<br \/>\nComo j\u00e1 sei o seu tipo de cabelo, vou te explicar se ele serve para voc\u00ea ou n\u00e3o e caso n\u00e3o sirva envio junto 2 indica\u00e7\u00f5es espec\u00edficas para o seu cabelo.<\/p>\n","protected":false},"featured_media":4731,"comment_status":"open","ping_status":"closed","template":"","meta":{"_acf_changed":false,"_monsterinsights_skip_tracking":false,"_monsterinsights_sitenote_active":false,"_monsterinsights_sitenote_note":"","_monsterinsights_sitenote_category":0},"product_cat":[64],"product_tag":[],"acf":[],"aioseo_notices":[],"_links":{"self":[{"href":"https:\/\/cassiaalborni.com\/gcp\/wp-json\/wp\/v2\/product\/5117"}],"collection":[{"href":"https:\/\/cassiaalborni.com\/gcp\/wp-json\/wp\/v2\/product"}],"about":[{"href":"https:\/\/cassiaalborni.com\/gcp\/wp-json\/wp\/v2\/types\/product"}],"replies":[{"embeddable":true,"href":"https:\/\/cassiaalborni.com\/gcp\/wp-json\/wp\/v2\/comments?post=5117"}],"version-history":[{"count":1,"href":"https:\/\/cassiaalborni.com\/gcp\/wp-json\/wp\/v2\/product\/5117\/revisions"}],"predecessor-version":[{"id":5118,"href":"https:\/\/cassiaalborni.com\/gcp\/wp-json\/wp\/v2\/product\/5117\/revisions\/5118"}],"wp:featuredmedia":[{"embeddable":true,"href":"https:\/\/cassiaalborni.com\/gcp\/wp-json\/wp\/v2\/media\/4731"}],"wp:attachment":[{"href":"https:\/\/cassiaalborni.com\/gcp\/wp-json\/wp\/v2\/media?parent=5117"}],"wp:term":[{"taxonomy":"product_cat","embeddable":true,"href":"https:\/\/cassiaalborni.com\/gcp\/wp-json\/wp\/v2\/product_cat?post=5117"},{"taxonomy":"product_tag","embeddable":true,"href":"https:\/\/cassiaalborni.com\/gcp\/wp-json\/wp\/v2\/product_tag?post=5117"}],"curies":[{"name":"wp","href":"https:\/\/api.w.org\/{rel}","templated":true}]}}